{"id":50,"date":"2014-03-25T14:16:08","date_gmt":"2014-03-25T13:16:08","guid":{"rendered":"http:\/\/www.kompanie-hindenburg.de\/?page_id=50"},"modified":"2014-03-25T14:16:08","modified_gmt":"2014-03-25T13:16:08","slug":"geschichte","status":"publish","type":"page","link":"http:\/\/www.kompanie-hindenburg.de\/?page_id=50","title":{"rendered":"Geschichte"},"content":{"rendered":"<p>Eine kleine, aber starke, engagierte Truppe.<\/p>\n<p>Die 7. Kompanie Hindenburg wurde auf der ersten Kompanieversammlung im Mai 1955 in der Gastwirtschaft Sch\u00fcring gegr\u00fcndet. Sie setzt sich aus B\u00fcrgern der Oldenburger Stra\u00dfe sowie anliegenden Stra\u00dfen zusammen. Der Zeichenlehrer i.R. Bernard Demmer wurde zum ersten Kompanief\u00fchrer gew\u00e4hlt. Auf seinen Vorschlag hin erhielt die Kompanie den Namen\u00a0 Hindenburg. So mancher wird sich noch darin erinnern, wie Major Demmer in kerzengerader Haltung und mit wei\u00dfem Spitzbart die Kompanie anf\u00fchrte. Die Kompanie z\u00e4hlte zu Beginn 45 Mitglieder und ist inzwischen auf 85 Mitglieder angewachsen.<\/p>\n<p>Nachfolger von Demmer als Kompanief\u00fchrer waren von 1960 bis 1972 Hans Keil und\u00a0 von 1962 bis 1987 Franz Schillm\u00f6ller, der die Kompanie durch sein Engagement 25 Jahre lang pr\u00e4gte. Seit 1987 wird die Kompanie von Manfred Reinke gef\u00fchrt.<\/p>\n<p>Bereits beim ersten Sch\u00fctzenfest 1955 stellte die Kompanie mit Dr. Heinrich Mastall den K\u00f6nig. Sch\u00fctzenk\u00f6nigin war Josefa Dalinghaus.\u00a0 Nach fast 20 Jahren im Jahre 1974 stellte die Kompanie Hindenburg wiederum mit Hermann und Marlies Br\u00fcggen das Sch\u00fctzenk\u00f6nigspaar. Weitere Sch\u00fctzenk\u00f6nigspaare aus der Kompanie Hindenburg waren 1985 Josef und Hanna Grieshop, 1989 Manfred und Gertrud Reinke, 1993 Herbert und Annegret Tepe, 1998\u00a0 Peter und Elisabeth Spille, sowie das amtierende K\u00f6nigspaar Hauke u. Gaby Anders. 1971 stellte die Kompanie mit Heinz Hellmann und Monika Themann das Kinderk\u00f6nigspaar.<\/p>\n<p>Mit Karl Sch\u00fcring und Hans Spille geh\u00f6rten zwei Hindenburg Mitglieder\u00a0 zu den Vereinsgr\u00fcndern des BSV. Erste Fahnentr\u00e4ger\u00a0 des Regiments waren die Kompaniemitglieder Karl Sch\u00fcring und Gerd Kubaninski. Presseoffizier des Vereins war bis zum seinem Tode im Jahr 1988 Bernd Schumacher. Von 1958 bis 1961 war Dr. Heinrich Mastall Oberst und Regimentskommandeur. Von 1991 bis 2000 war Georg Hake von der Kompanie Hindenburg Pr\u00e4sident des B.S.V.<\/p>\n<p>Einer guten Tradition folgend sind auch heute einige Kompaniemitglieder im Vorstand des BSV aktiv.<\/p>\n<p>Hauke Anders als Vizepr\u00e4sident, Peter Spille als Schatzmeister,\u00a0 Wolfgang Grotel\u00fcschen als Kommandeur des III. Bataillons.<\/p>\n<p>Der Vorstand der Kompanie besteht aus Kompanief\u00fchrer Manfred Reinke, Stellvertreter Herbert Tepe, Kassierer Manfred Grieshop, Stellvertreter Hans Busch u. H. W. Ahlers, Schriftf\u00fchrer G\u00fcnther Schillm\u00f6ller, Stellvertreter Ingo Lamprecht, Schie\u00dfoffizier Ludger Schillm\u00f6ller, Stellvertreter Ulrich M\u00fcller und Spie\u00df Ulrich M\u00fcller.<\/p>\n<p>Die h\u00f6chste Auszeichnung des Vereins, der Orden \u201ePour le Merite\u201c wurde folgenden Kompaniemitgliedern verliehen: Karl Sch\u00fcring, Hans Spille, Edmund Lohwasser, Bernd Schumacher , Franz Schillm\u00f6ller und Peter Spille. Major Franz Schillm\u00f6ller wurde 1987 zum Ehrenkompanief\u00fchrer ernannt.<\/p>\n<p>H\u00f6hepunkte des Kompanielebens sind in jedem Jahr der Kompanieball und das Kohlessen, sowie Maigang, Fahrradtour und alle 2 Jahre das Stra\u00dfenfest und der Ausflug ins Gr\u00fcne.<\/p>\n","protected":false},"excerpt":{"rendered":"<p>Eine kleine, aber starke, engagierte Truppe. Die 7. Kompanie Hindenburg wurde auf der ersten Kompanieversammlung im Mai 1955 in der Gastwirtschaft Sch\u00fcring gegr\u00fcndet. Sie setzt sich aus B\u00fcrgern der Oldenburger Stra\u00dfe sowie anliegenden Stra\u00dfen zusammen. Der Zeichenlehrer i.R. Bernard Demmer wurde zum ersten Kompanief\u00fchrer gew\u00e4hlt. Auf seinen Vorschlag hin erhielt die Kompanie den Namen\u00a0 Hindenburg. [&hellip;]<\/p>\n","protected":false},"author":2,"featured_media":0,"parent":0,"menu_order":3,"comment_status":"closed","ping_status":"closed","template":"","meta":{"ngg_post_thumbnail":0,"footnotes":""},"class_list":["post-50","page","type-page","status-publish","hentry"],"aioseo_notices":[],"_links":{"self":[{"href":"http:\/\/www.kompanie-hindenburg.de\/index.php?rest_route=\/wp\/v2\/pages\/50","targetHints":{"allow":["GET"]}}],"collection":[{"href":"http:\/\/www.kompanie-hindenburg.de\/index.php?rest_route=\/wp\/v2\/pages"}],"about":[{"href":"http:\/\/www.kompanie-hindenburg.de\/index.php?rest_route=\/wp\/v2\/types\/page"}],"author":[{"embeddable":true,"href":"http:\/\/www.kompanie-hindenburg.de\/index.php?rest_route=\/wp\/v2\/users\/2"}],"replies":[{"embeddable":true,"href":"http:\/\/www.kompanie-hindenburg.de\/index.php?rest_route=%2Fwp%2Fv2%2Fcomments&post=50"}],"version-history":[{"count":1,"href":"http:\/\/www.kompanie-hindenburg.de\/index.php?rest_route=\/wp\/v2\/pages\/50\/revisions"}],"predecessor-version":[{"id":51,"href":"http:\/\/www.kompanie-hindenburg.de\/index.php?rest_route=\/wp\/v2\/pages\/50\/revisions\/51"}],"wp:attachment":[{"href":"http:\/\/www.kompanie-hindenburg.de\/index.php?rest_route=%2Fwp%2Fv2%2Fmedia&parent=50"}],"curies":[{"name":"wp","href":"https:\/\/api.w.org\/{rel}","templated":true}]}}